{"id":1015,"date":"2023-08-01T12:03:53","date_gmt":"2023-08-01T09:03:53","guid":{"rendered":"https:\/\/www.kartostat.com\/team-of-two\/"},"modified":"2023-08-01T12:24:56","modified_gmt":"2023-08-01T09:24:56","slug":"hakkimizda","status":"publish","type":"page","link":"https:\/\/www.kartostat.com\/tr\/hakkimizda\/","title":{"rendered":"Hakk\u0131m\u0131zda"},"content":{"rendered":"<div id=\"cs-content\" class=\"cs-content\"><\/div>","protected":false},"excerpt":{"rendered":"<p>KARTOSTAT NED\u0130RHAKKIMIZDAkarto-kartografi kelimesinin k\u0131saltmas\u0131. Harita ve ile bilgi iletiminde kullan\u0131lan grafik i\u015faretlerin &ouml;zelliklerini ara\u015ft\u0131ran, haritan\u0131n &ccedil;izimsel tasar\u0131m, bas\u0131m ve kullanma y&ouml;ntemlerini geli\u015ftirmeye y&ouml;nelik ara\u015ft\u0131rma yapan bilim dal\u0131d\u0131r.&nbsp; -stat18. yy&#8217;da kullan\u0131lan &#8230;<\/p>","protected":false},"author":1,"featured_media":0,"parent":0,"menu_order":0,"comment_status":"closed","ping_status":"closed","template":"template-blank-4.php","meta":{"footnotes":""},"class_list":["post-1015","page","type-page","status-publish","hentry","no-post-thumbnail"],"_links":{"self":[{"href":"https:\/\/www.kartostat.com\/tr\/wp-json\/wp\/v2\/pages\/1015","targetHints":{"allow":["GET"]}}],"collection":[{"href":"https:\/\/www.kartostat.com\/tr\/wp-json\/wp\/v2\/pages"}],"about":[{"href":"https:\/\/www.kartostat.com\/tr\/wp-json\/wp\/v2\/types\/page"}],"author":[{"embeddable":true,"href":"https:\/\/www.kartostat.com\/tr\/wp-json\/wp\/v2\/users\/1"}],"replies":[{"embeddable":true,"href":"https:\/\/www.kartostat.com\/tr\/wp-json\/wp\/v2\/comments?post=1015"}],"version-history":[{"count":7,"href":"https:\/\/www.kartostat.com\/tr\/wp-json\/wp\/v2\/pages\/1015\/revisions"}],"predecessor-version":[{"id":1022,"href":"https:\/\/www.kartostat.com\/tr\/wp-json\/wp\/v2\/pages\/1015\/revisions\/1022"}],"wp:attachment":[{"href":"https:\/\/www.kartostat.com\/tr\/wp-json\/wp\/v2\/media?parent=1015"}],"curies":[{"name":"wp","href":"https:\/\/api.w.org\/{rel}","templated":true}]}}