{"id":1282,"date":"2023-10-17T15:24:56","date_gmt":"2023-10-17T12:24:56","guid":{"rendered":"https:\/\/www.kartostat.com\/?page_id=1282"},"modified":"2023-10-17T15:39:06","modified_gmt":"2023-10-17T12:39:06","slug":"destek","status":"publish","type":"page","link":"https:\/\/www.kartostat.com\/tr\/destek\/","title":{"rendered":"Destek"},"content":{"rendered":"<div id=\"cs-content\" class=\"cs-content\"><\/div>","protected":false},"excerpt":{"rendered":"<p>destek olmak ister misiniz?nEDEN DESTE\u011eE \u0130HT\u0130YACIMIZ VAR? kartostat ekibini geni\u015fletip daha \u00e7ok \u00fcretmek ve daha \u00e7ok ki\u015fiye ula\u015fmak i\u00e7in. Destek ver\u0130NCE \u00d6ZEL B\u0130R H\u0130ZMET VAR MI? Yok. \u0130\u00e7eriklerimizi herkese a\u00e7\u0131k &#8230;<\/p>","protected":false},"author":1,"featured_media":0,"parent":0,"menu_order":0,"comment_status":"closed","ping_status":"closed","template":"template-blank-4.php","meta":{"footnotes":""},"class_list":["post-1282","page","type-page","status-publish","hentry","no-post-thumbnail"],"_links":{"self":[{"href":"https:\/\/www.kartostat.com\/tr\/wp-json\/wp\/v2\/pages\/1282","targetHints":{"allow":["GET"]}}],"collection":[{"href":"https:\/\/www.kartostat.com\/tr\/wp-json\/wp\/v2\/pages"}],"about":[{"href":"https:\/\/www.kartostat.com\/tr\/wp-json\/wp\/v2\/types\/page"}],"author":[{"embeddable":true,"href":"https:\/\/www.kartostat.com\/tr\/wp-json\/wp\/v2\/users\/1"}],"replies":[{"embeddable":true,"href":"https:\/\/www.kartostat.com\/tr\/wp-json\/wp\/v2\/comments?post=1282"}],"version-history":[{"count":5,"href":"https:\/\/www.kartostat.com\/tr\/wp-json\/wp\/v2\/pages\/1282\/revisions"}],"predecessor-version":[{"id":1288,"href":"https:\/\/www.kartostat.com\/tr\/wp-json\/wp\/v2\/pages\/1282\/revisions\/1288"}],"wp:attachment":[{"href":"https:\/\/www.kartostat.com\/tr\/wp-json\/wp\/v2\/media?parent=1282"}],"curies":[{"name":"wp","href":"https:\/\/api.w.org\/{rel}","templated":true}]}}