{"id":541,"date":"2023-06-18T00:27:55","date_gmt":"2023-06-17T21:27:55","guid":{"rendered":"https:\/\/www.kartostat.com\/?page_id=541"},"modified":"2023-06-18T02:31:18","modified_gmt":"2023-06-17T23:31:18","slug":"iletisim","status":"publish","type":"page","link":"https:\/\/www.kartostat.com\/tr\/iletisim\/","title":{"rendered":"\u0130leti\u015fim"},"content":{"rendered":"<div id=\"cs-content\" class=\"cs-content\"><\/div>","protected":false},"excerpt":{"rendered":"<p>Bu formu bitirebilmek i\u00e7in taray\u0131c\u0131n\u0131zda JavaScript&#039;i etkinle\u015ftirin.Bu formu bitirebilmek i\u00e7in taray\u0131c\u0131n\u0131zda JavaScript&#039;i etkinle\u015ftirin.Ad\u0131n\u0131z Soyad\u0131n\u0131z *E-posta *Yorum veya MesajG\u00f6nder<\/p>","protected":false},"author":1,"featured_media":0,"parent":0,"menu_order":0,"comment_status":"closed","ping_status":"closed","template":"template-blank-4.php","meta":{"footnotes":""},"class_list":["post-541","page","type-page","status-publish","hentry","no-post-thumbnail"],"_links":{"self":[{"href":"https:\/\/www.kartostat.com\/tr\/wp-json\/wp\/v2\/pages\/541","targetHints":{"allow":["GET"]}}],"collection":[{"href":"https:\/\/www.kartostat.com\/tr\/wp-json\/wp\/v2\/pages"}],"about":[{"href":"https:\/\/www.kartostat.com\/tr\/wp-json\/wp\/v2\/types\/page"}],"author":[{"embeddable":true,"href":"https:\/\/www.kartostat.com\/tr\/wp-json\/wp\/v2\/users\/1"}],"replies":[{"embeddable":true,"href":"https:\/\/www.kartostat.com\/tr\/wp-json\/wp\/v2\/comments?post=541"}],"version-history":[{"count":6,"href":"https:\/\/www.kartostat.com\/tr\/wp-json\/wp\/v2\/pages\/541\/revisions"}],"predecessor-version":[{"id":787,"href":"https:\/\/www.kartostat.com\/tr\/wp-json\/wp\/v2\/pages\/541\/revisions\/787"}],"wp:attachment":[{"href":"https:\/\/www.kartostat.com\/tr\/wp-json\/wp\/v2\/media?parent=541"}],"curies":[{"name":"wp","href":"https:\/\/api.w.org\/{rel}","templated":true}]}}